{"id":6,"date":"2016-08-10T14:12:01","date_gmt":"2016-08-10T14:12:01","guid":{"rendered":"http:\/\/www.cin.ufpe.br\/~if819\/?page_id=6"},"modified":"2019-12-06T14:15:34","modified_gmt":"2019-12-06T14:15:34","slug":"orientacoes-ao-aluno","status":"publish","type":"page","link":"https:\/\/www.cin.ufpe.br\/~if819\/index.php\/orientacoes-ao-aluno\/","title":{"rendered":"Orienta\u00e7\u00f5es ao aluno"},"content":{"rendered":"<ul>\n<li><strong>Antes de solicitar a matr\u00edcula na disciplina, \u00e9 importante que o aluno verifique se atende aos pr\u00e9-requisitos do seu respectivo curso que permitam cursar a disciplina:<\/strong>\n<ul>\n<li><strong>Sistemas de Informa\u00e7\u00e3o:<\/strong> o aluno deve ter conclu\u00eddo 15 disciplinas da grade curricular do curso.<\/li>\n<li><strong>Ci\u00eancia da Computa\u00e7\u00e3o:<\/strong> o aluno deve ter cursado todas as disciplinas obrigat\u00f3rias (exceto apenas de trabalho de gradua\u00e7\u00e3o e o pr\u00f3prio est\u00e1gio obrigat\u00f3rio), totalizando carga hor\u00e1ria maior que 1905.<\/li>\n<li><strong>Engenharia da Computa\u00e7\u00e3o:<\/strong> o aluno deve\u00a0ter integralizado 63% da carga hor\u00e1ria total do curso (isso inclui eletivas, eletivas livres, etc).\u00a0Essas porcentagens pode ser consultadas pelo Sig@.<\/li>\n<\/ul>\n<\/li>\n<li>o plano de atividades deve envolver atividades de: projeto e\/ou programa\u00e7\u00e3o de software e\/ou hardware, e\/ou administra\u00e7\u00e3o de bancos de dados e\/ou redes de computadores, e\/ou an\u00e1lise de sistemas, e\/ou ger\u00eancia de projetos, n\u00e3o sendo recomend\u00e1vel uma predomin\u00e2ncia de atividades como helpdesk e similares.<\/li>\n<li>a carga hor\u00e1ria m\u00e1xima permitida pela Lei de Est\u00e1gio \u00e9 de 30 horas\/semana e 6 horas\/dia.<\/li>\n<li>o aluno deve procurar um professor do CIn para ser seu orientador de est\u00e1gio. \u00c9 recomend\u00e1vel que o professor orientador de est\u00e1gio seja de \u00e1rea relacionada \u00e0s atividades do estagi\u00e1rio.\u00a0Esse professor n\u00e3o precisa ser obrigatoriamente o coordenador de est\u00e1gio (professor da disciplina IF984, IF819 ou IF421 &#8211; Est\u00e1gio Supervisionado em Sistema de informa\u00e7\u00e3o, Engenharia da Computa\u00e7\u00e3o e Ci\u00eancia da Computa\u00e7\u00e3o). Para mais informa\u00e7\u00f5es sobre a diferen\u00e7a entre orientador de est\u00e1gio e coordenador de est\u00e1gio, veja a <a href=\"http:\/\/www.cin.ufpe.br\/~if819\/wp-content\/uploads\/2017\/07\/res.-20.2015.pdf\" target=\"_blank\" rel=\"nofollow\">resolu\u00e7\u00e3o de est\u00e1gio da UFPE<\/a>.<\/li>\n<li>o aluno deve ter um supervisor de est\u00e1gio na empresa onde estagiar\u00e1. O supervisor assinar\u00e1 o <a href=\"http:\/\/www.cin.ufpe.br\/~if819\/wp-content\/uploads\/2017\/07\/plano_ativ_estag-1.doc\" target=\"_blank\" rel=\"nofollow\">plano de atividades<\/a>\u00a0(veja exemplo do plano\u00a0<a href=\"http:\/\/www.cin.ufpe.br\/~if819\/wp-content\/uploads\/2017\/07\/Exemplo_plano_ativ_estag.doc\" target=\"_blank\">aqui<\/a>)\u00a0e o\u00a0<a href=\"http:\/\/www.cin.ufpe.br\/~if819\/wp-content\/uploads\/2016\/09\/modeloRelatorioEstagio_word.docx\" target=\"_blank\">relat\u00f3rio de est\u00e1gio<\/a>. Ao final do est\u00e1gio, o supervisor \u00a0tamb\u00e9m far\u00e1 a avalia\u00e7\u00e3o do estagi\u00e1rio usando <a href=\"https:\/\/docs.google.com\/document\/d\/1_cRZRrHG44qk1ZqTn3LVPrwy-snS1XHNoAkMFXFJ4rk\/edit\" target=\"_blank\">este modelo<\/a>. S\u00f3 precisa uma c\u00f3pia de cada.<\/li>\n<li>o aluno deve entregar, na secretaria de gradua\u00e7\u00e3o, 3 vias do termo de compromisso e 3 vias do plano de atividades. Se o seu est\u00e1gio for atrav\u00e9s de agente integrador (IEL, CIEE, etc.), voc\u00ea precisa entregar 4 vias do termo de compromisso. A 4via da UFPE ser\u00e1 enviada pelo agente integrador \u00e0 PROACAD\/UFPE, que fica respons\u00e1vel por enviar \u00e0 secretaria de gradua\u00e7\u00e3o.<\/li>\n<li>antes de preencher a documenta\u00e7\u00e3o acima, se o est\u00e1gio n\u00e3o for via agente integrador (IEL, CIEE, etc.), o aluno deve <a href=\"http:\/\/estudante.ufpe.br\/graduacao\/estagio\/\" target=\"_blank\" rel=\"nofollow\">checar se a empresa onde vai estagiar \u00e9 conveniada \u00e0 UFPE<\/a>. Se n\u00e3o for, o aluno deve providenciar a documenta\u00e7\u00e3o para celebrar o conv\u00eanio seguindo <a href=\"http:\/\/www.cin.ufpe.br\/~if819\/wp-content\/uploads\/2017\/07\/termo_conv_ufpe_conced_seg_ufpe-novo.doc\" target=\"_blank\" rel=\"nofollow\">esse procedimento aqui<\/a>. O termo de compromisso e o plano de atividades s\u00f3 ser\u00e3o assinados ap\u00f3s o conv\u00eanio ter sido conclu\u00eddo com sucesso. O per\u00edodo entre a entrega da documenta\u00e7\u00e3o e a celebra\u00e7\u00e3o do conv\u00eanio \u00e9 de cerca de 15 dias. <b>Se o estudante for funcion\u00e1rio da empresa, o conv\u00eanio n\u00e3o \u00e9 exigido.<\/b><\/li>\n<\/ul>\n<div>&#8211; Outros esclarecimentos:<\/div>\n<ul>\n<li>A carga hor\u00e1ria de Est\u00e1gio Obrigat\u00f3rio (referente ao componente curricular IF984 para Sistemas de informa\u00e7\u00e3o, IF819 em Engenharia da computa\u00e7\u00e3o ou IF421 em Ci\u00eancia da computa\u00e7\u00e3o &#8211; Est\u00e1gio Supervisionado) \u00e9 de 300 horas.<\/li>\n<li>Antes de se matr\u00edcula na disciplina de est\u00e1gio obrigat\u00f3rio (IF984 para Sistemas de informa\u00e7\u00e3o, IF819 em Engenharia da computa\u00e7\u00e3o ou IF421 em Ci\u00eancia da computa\u00e7\u00e3o), o aluno deve ter sido selecionado em um est\u00e1gio. A matr\u00edcula pode ser realizada fora do per\u00edodo de matr\u00edcula pelo coordenador do curso.<\/li>\n<li>O aluno que atue como funcion\u00e1rio em Inform\u00e1tica, a depender das fun\u00e7\u00f5es que realize dentro da empresa, poder\u00e1 usar seu emprego como\u00a0Est\u00e1gio Obrigat\u00f3rio. Isso n\u00e3o se aplica a\u00a0Est\u00e1gio N\u00e3o Obrigat\u00f3rio.<\/li>\n<li>O plano de atividades do\u00a0funcion\u00e1rio\u00a0estudante precisa ser aprovado pelo colegiado e ser\u00e1 encaminhado \u00e0 PROACAD para aprova\u00e7\u00e3o.<\/li>\n<li>Se voc\u00ea \u00e9 estagi\u00e1rio em uma unidade da UFPE, atente para o fato de que voc\u00ea precisa colocar a ap\u00f3lice de seguro no seu termo de compromisso. Para conseguir o n\u00famero da ap\u00f3lice, o estagi\u00e1rio dele ligar para a PROACAD informando que \u00e9 estagi\u00e1rio em uma unidade da UFPE.<\/li>\n<li><span style=\"color: #444444; font-family: Arial, Verdana, sans-serif;\">Se o aluno come\u00e7ou a fazer est\u00e1gio n\u00e3o obrigat\u00f3rio e depois se matriculou na disciplina de est\u00e1gio, ele precisar\u00e1 &#8220;converter&#8221; o est\u00e1gio n\u00e3o\u00a0obrigat\u00f3rio\u00a0em est\u00e1gio obrigat\u00f3rio imediatamente. Se o est\u00e1gio for via agente de integra\u00e7\u00e3o, o aluno precisa pedir a emiss\u00e3o de um termo aditivo por parte do agente de integra\u00e7\u00e3o para fazer essa &#8220;convers\u00e3o&#8221;. Nesse caso, o est\u00e1gio obrigat\u00f3rio passar\u00e1 a contar do dia em que o termo aditivo foi emitido e assinado. Se o est\u00e1gio for diretamente via conv\u00eanio com a empresa, o aluno dever\u00e1 gerar nova\u00a0documenta\u00e7\u00e3o\u00a0(termo de compromisso e plano de atividades) indicando que trata-se de um est\u00e1gio obrigat\u00f3rio.<\/span><\/li>\n<\/ul>\n","protected":false},"excerpt":{"rendered":"<p>Antes de solicitar a matr\u00edcula na disciplina, \u00e9 importante que o aluno verifique se atende aos pr\u00e9-requisitos do seu respectivo curso que permitam cursar a disciplina: Sistemas de Informa\u00e7\u00e3o: o aluno deve ter conclu\u00eddo 15 disciplinas da grade curricular do curso. Ci\u00eancia da Computa\u00e7\u00e3o: o aluno deve ter cursado todas as disciplinas obrigat\u00f3rias (exceto apenas [&hellip;]<\/p>\n","protected":false},"author":1,"featured_media":120,"parent":0,"menu_order":0,"comment_status":"closed","ping_status":"closed","template":"","meta":[],"_links":{"self":[{"href":"https:\/\/www.cin.ufpe.br\/~if819\/index.php\/wp-json\/wp\/v2\/pages\/6"}],"collection":[{"href":"https:\/\/www.cin.ufpe.br\/~if819\/index.php\/wp-json\/wp\/v2\/pages"}],"about":[{"href":"https:\/\/www.cin.ufpe.br\/~if819\/index.php\/wp-json\/wp\/v2\/types\/page"}],"author":[{"embeddable":true,"href":"https:\/\/www.cin.ufpe.br\/~if819\/index.php\/wp-json\/wp\/v2\/users\/1"}],"replies":[{"embeddable":true,"href":"https:\/\/www.cin.ufpe.br\/~if819\/index.php\/wp-json\/wp\/v2\/comments?post=6"}],"version-history":[{"count":22,"href":"https:\/\/www.cin.ufpe.br\/~if819\/index.php\/wp-json\/wp\/v2\/pages\/6\/revisions"}],"predecessor-version":[{"id":199,"href":"https:\/\/www.cin.ufpe.br\/~if819\/index.php\/wp-json\/wp\/v2\/pages\/6\/revisions\/199"}],"wp:featuredmedia":[{"embeddable":true,"href":"https:\/\/www.cin.ufpe.br\/~if819\/index.php\/wp-json\/wp\/v2\/media\/120"}],"wp:attachment":[{"href":"https:\/\/www.cin.ufpe.br\/~if819\/index.php\/wp-json\/wp\/v2\/media?parent=6"}],"curies":[{"name":"wp","href":"https:\/\/api.w.org\/{rel}","templated":true}]}}